{"id":219,"date":"2025-12-07T02:03:53","date_gmt":"2025-12-07T02:03:53","guid":{"rendered":"https:\/\/rashidbinnur.com\/?page_id=219"},"modified":"2025-12-07T02:03:53","modified_gmt":"2025-12-07T02:03:53","slug":"vlogs","status":"publish","type":"page","link":"https:\/\/rashidbinnur.com\/?page_id=219","title":{"rendered":"Vlogs"},"content":{"rendered":"\n<h1 class=\"wp-block-heading\">Tijuana a Guanajuato<\/h1>\n\n\n\n<h4 class=\"wp-block-heading\">\u00a1Acomp\u00e1\u00f1enos en nuestro viaje de tres d\u00edas de Tijuana a Guanajuato!<\/h4>\n\n\n\n<p><a><\/a>Si les gusta el video, suscr\u00edbanse a nuestro canal de YouTube.<\/p>\n\n\n\n<figure class=\"wp-block-embed is-type-video is-provider-youtube wp-block-embed-youtube wp-embed-aspect-16-9 wp-has-aspect-ratio\"><div class=\"wp-block-embed__wrapper\">\n<iframe loading=\"lazy\" title=\"De Tijuana a Guanajuato\" width=\"640\" height=\"360\" src=\"https:\/\/www.youtube.com\/embed\/uNbsUfH0sE0?feature=oembed\" frameborder=\"0\" allow=\"accelerometer; autoplay; clipboard-write; encrypted-media; gyroscope; picture-in-picture; web-share\" referrerpolicy=\"strict-origin-when-cross-origin\" allowfullscreen><\/iframe>\n<\/div><\/figure>\n","protected":false},"excerpt":{"rendered":"<p>Tijuana a Guanajuato \u00a1Acomp\u00e1\u00f1enos en nuestro viaje de tres d\u00edas de Tijuana a Guanajuato! Si les gusta el video, suscr\u00edbanse a nuestro canal de YouTube.<\/p>\n","protected":false},"author":1,"featured_media":0,"parent":0,"menu_order":0,"comment_status":"closed","ping_status":"closed","template":"","meta":{"footnotes":""},"class_list":["post-219","page","type-page","status-publish","hentry"],"_links":{"self":[{"href":"https:\/\/rashidbinnur.com\/index.php?rest_route=\/wp\/v2\/pages\/219","targetHints":{"allow":["GET"]}}],"collection":[{"href":"https:\/\/rashidbinnur.com\/index.php?rest_route=\/wp\/v2\/pages"}],"about":[{"href":"https:\/\/rashidbinnur.com\/index.php?rest_route=\/wp\/v2\/types\/page"}],"author":[{"embeddable":true,"href":"https:\/\/rashidbinnur.com\/index.php?rest_route=\/wp\/v2\/users\/1"}],"replies":[{"embeddable":true,"href":"https:\/\/rashidbinnur.com\/index.php?rest_route=%2Fwp%2Fv2%2Fcomments&post=219"}],"version-history":[{"count":1,"href":"https:\/\/rashidbinnur.com\/index.php?rest_route=\/wp\/v2\/pages\/219\/revisions"}],"predecessor-version":[{"id":220,"href":"https:\/\/rashidbinnur.com\/index.php?rest_route=\/wp\/v2\/pages\/219\/revisions\/220"}],"wp:attachment":[{"href":"https:\/\/rashidbinnur.com\/index.php?rest_route=%2Fwp%2Fv2%2Fmedia&parent=219"}],"curies":[{"name":"wp","href":"https:\/\/api.w.org\/{rel}","templated":true}]}}